{"id":181,"date":"2024-09-26T14:17:38","date_gmt":"2024-09-26T12:17:38","guid":{"rendered":"https:\/\/www.samskaparna.se\/?page_id=181"},"modified":"2024-09-26T14:33:03","modified_gmt":"2024-09-26T12:33:03","slug":"om-oss","status":"publish","type":"page","link":"https:\/\/www.samskaparna.se\/?page_id=181","title":{"rendered":"Om oss"},"content":{"rendered":"\t\t<div data-elementor-type=\"wp-page\" data-elementor-id=\"181\" class=\"elementor elementor-181\">\n\t\t\t\t\t\t<section class=\"elementor-section elementor-top-section elementor-element elementor-element-32feb33 elementor-section-height-min-height elementor-section-boxed elementor-section-height-default elementor-section-items-middle elementor-invisible\" data-id=\"32feb33\" data-element_type=\"section\" data-e-type=\"section\" data-settings=\"{&quot;background_background&quot;:&quot;classic&quot;,&quot;animation&quot;:&quot;fadeIn&quot;}\">\n\t\t\t\t\t\t\t<div class=\"elementor-background-overlay\"><\/div>\n\t\t\t\t\t\t\t<div class=\"elementor-container elementor-column-gap-no\">\n\t\t\t\t\t<div class=\"elementor-column elementor-col-100 elementor-top-column elementor-element elementor-element-232c60a\" data-id=\"232c60a\" data-element_type=\"column\" data-e-type=\"column\">\n\t\t\t<div class=\"elementor-widget-wrap elementor-element-populated\">\n\t\t\t\t\t\t<div class=\"elementor-element elementor-element-8fa3973 elementor-widget elementor-widget-heading\" data-id=\"8fa3973\" data-element_type=\"widget\" data-e-type=\"widget\" data-widget_type=\"heading.default\">\n\t\t\t\t<div class=\"elementor-widget-container\">\n\t\t\t\t\t<h1 class=\"elementor-heading-title elementor-size-default\">OM SAMSKAPARNA<\/h1>\t\t\t\t<\/div>\n\t\t\t\t<\/div>\n\t\t\t\t<div class=\"elementor-element elementor-element-f9ff58a elementor-widget elementor-widget-heading\" data-id=\"f9ff58a\" data-element_type=\"widget\" data-e-type=\"widget\" data-widget_type=\"heading.default\">\n\t\t\t\t<div class=\"elementor-widget-container\">\n\t\t\t\t\t<h4 class=\"elementor-heading-title elementor-size-default\">Konsulter med bred kompetens f\u00f6r att matcha era behov<\/h4>\t\t\t\t<\/div>\n\t\t\t\t<\/div>\n\t\t\t\t\t<\/div>\n\t\t<\/div>\n\t\t\t\t\t<\/div>\n\t\t<\/section>\n\t\t<div class=\"elementor-element elementor-element-11702b8 e-flex e-con-boxed e-con e-parent\" data-id=\"11702b8\" data-element_type=\"container\" data-e-type=\"container\">\n\t\t\t\t\t<div class=\"e-con-inner\">\n\t\t<div class=\"elementor-element elementor-element-ab97218 e-con-full e-flex e-con e-child\" data-id=\"ab97218\" data-element_type=\"container\" data-e-type=\"container\">\n\t\t\t\t<div class=\"elementor-element elementor-element-d3f35c0 elementor-widget elementor-widget-image\" data-id=\"d3f35c0\" data-element_type=\"widget\" data-e-type=\"widget\" data-widget_type=\"image.default\">\n\t\t\t\t<div class=\"elementor-widget-container\">\n\t\t\t\t\t\t\t\t\t\t\t\t\t\t\t<img fetchpriority=\"high\" decoding=\"async\" width=\"790\" height=\"1050\" src=\"https:\/\/www.samskaparna.se\/wp-content\/uploads\/2024\/09\/horst-790x1050-1.jpg\" class=\"attachment-full size-full wp-image-204\" alt=\"\" srcset=\"https:\/\/www.samskaparna.se\/wp-content\/uploads\/2024\/09\/horst-790x1050-1.jpg 790w, https:\/\/www.samskaparna.se\/wp-content\/uploads\/2024\/09\/horst-790x1050-1-226x300.jpg 226w, https:\/\/www.samskaparna.se\/wp-content\/uploads\/2024\/09\/horst-790x1050-1-770x1024.jpg 770w, https:\/\/www.samskaparna.se\/wp-content\/uploads\/2024\/09\/horst-790x1050-1-768x1021.jpg 768w\" sizes=\"(max-width: 790px) 100vw, 790px\" \/>\t\t\t\t\t\t\t\t\t\t\t\t\t\t\t<\/div>\n\t\t\t\t<\/div>\n\t\t<div class=\"elementor-element elementor-element-a7463a4 e-con-full e-flex e-con e-child\" data-id=\"a7463a4\" data-element_type=\"container\" data-e-type=\"container\" data-settings=\"{&quot;background_background&quot;:&quot;classic&quot;}\">\n\t\t\t\t<div class=\"elementor-element elementor-element-1adb570 elementor-widget elementor-widget-heading\" data-id=\"1adb570\" data-element_type=\"widget\" data-e-type=\"widget\" data-widget_type=\"heading.default\">\n\t\t\t\t<div class=\"elementor-widget-container\">\n\t\t\t\t\t<h3 class=\"elementor-heading-title elementor-size-default\">Horst-Henrik Liljestr\u00f6m<\/h3>\t\t\t\t<\/div>\n\t\t\t\t<\/div>\n\t\t\t\t<div class=\"elementor-element elementor-element-0d7f1d6 elementor-widget elementor-widget-heading\" data-id=\"0d7f1d6\" data-element_type=\"widget\" data-e-type=\"widget\" data-widget_type=\"heading.default\">\n\t\t\t\t<div class=\"elementor-widget-container\">\n\t\t\t\t\t<h3 class=\"elementor-heading-title elementor-size-default\">VD<\/h3>\t\t\t\t<\/div>\n\t\t\t\t<\/div>\n\t\t\t\t<div class=\"elementor-element elementor-element-374d584 elementor-widget elementor-widget-text-editor\" data-id=\"374d584\" data-element_type=\"widget\" data-e-type=\"widget\" data-widget_type=\"text-editor.default\">\n\t\t\t\t<div class=\"elementor-widget-container\">\n\t\t\t\t\t\t\t\t\t<p>Horst-Henrik Liljestr\u00f6m har en bakgrund inom socialt arbete i skola v\u00e5rd och omsorg, men \u00e4ven viss erfarenhet av att leda byggprojekt och s\u00e4lj branschen.<\/p><p>Han \u00e4r utbildad i ledarskap och psykosocial handledning p\u00e5 h\u00f6gskolan samt diplomerad socialterapeut med inriktning neuropsykiatriska funktionsneds\u00e4ttningar.<\/p>\t\t\t\t\t\t\t\t<\/div>\n\t\t\t\t<\/div>\n\t\t<div class=\"elementor-element elementor-element-b30f491 e-grid e-con-full e-con e-child\" data-id=\"b30f491\" data-element_type=\"container\" data-e-type=\"container\">\n\t\t\t\t<div class=\"elementor-element elementor-element-1ccd253 elementor-align-center elementor-widget__width-initial elementor-widget elementor-widget-button\" data-id=\"1ccd253\" data-element_type=\"widget\" data-e-type=\"widget\" data-widget_type=\"button.default\">\n\t\t\t\t<div class=\"elementor-widget-container\">\n\t\t\t\t\t\t\t\t\t<div class=\"elementor-button-wrapper\">\n\t\t\t\t\t<a class=\"elementor-button elementor-button-link elementor-size-sm\" href=\"mailto:horst-henrik@samskaparna.se\">\n\t\t\t\t\t\t<span class=\"elementor-button-content-wrapper\">\n\t\t\t\t\t\t<span class=\"elementor-button-icon\">\n\t\t\t\t<svg aria-hidden=\"true\" class=\"e-font-icon-svg e-fas-paper-plane\" viewBox=\"0 0 512 512\" xmlns=\"http:\/\/www.w3.org\/2000\/svg\"><path d=\"M476 3.2L12.5 270.6c-18.1 10.4-15.8 35.6 2.2 43.2L121 358.4l287.3-253.2c5.5-4.9 13.3 2.6 8.6 8.3L176 407v80.5c0 23.6 28.5 32.9 42.5 15.8L282 426l124.6 52.2c14.2 6 30.4-2.9 33-18.2l72-432C515 7.8 493.3-6.8 476 3.2z\"><\/path><\/svg>\t\t\t<\/span>\n\t\t\t\t\t\t\t\t\t<span class=\"elementor-button-text\">E-post<\/span>\n\t\t\t\t\t<\/span>\n\t\t\t\t\t<\/a>\n\t\t\t\t<\/div>\n\t\t\t\t\t\t\t\t<\/div>\n\t\t\t\t<\/div>\n\t\t\t\t<div class=\"elementor-element elementor-element-c62b2e7 elementor-align-center elementor-widget__width-initial elementor-widget elementor-widget-button\" data-id=\"c62b2e7\" data-element_type=\"widget\" data-e-type=\"widget\" data-widget_type=\"button.default\">\n\t\t\t\t<div class=\"elementor-widget-container\">\n\t\t\t\t\t\t\t\t\t<div class=\"elementor-button-wrapper\">\n\t\t\t\t\t<a class=\"elementor-button elementor-button-link elementor-size-sm\" href=\"https:\/\/www.linkedin.com\/in\/horst-henrik-liljestr%C3%B6m-24977b7b\/\">\n\t\t\t\t\t\t<span class=\"elementor-button-content-wrapper\">\n\t\t\t\t\t\t<span class=\"elementor-button-icon\">\n\t\t\t\t<svg aria-hidden=\"true\" class=\"e-font-icon-svg e-fab-linkedin\" viewBox=\"0 0 448 512\" xmlns=\"http:\/\/www.w3.org\/2000\/svg\"><path d=\"M416 32H31.9C14.3 32 0 46.5 0 64.3v383.4C0 465.5 14.3 480 31.9 480H416c17.6 0 32-14.5 32-32.3V64.3c0-17.8-14.4-32.3-32-32.3zM135.4 416H69V202.2h66.5V416zm-33.2-243c-21.3 0-38.5-17.3-38.5-38.5S80.9 96 102.2 96c21.2 0 38.5 17.3 38.5 38.5 0 21.3-17.2 38.5-38.5 38.5zm282.1 243h-66.4V312c0-24.8-.5-56.7-34.5-56.7-34.6 0-39.9 27-39.9 54.9V416h-66.4V202.2h63.7v29.2h.9c8.9-16.8 30.6-34.5 62.9-34.5 67.2 0 79.7 44.3 79.7 101.9V416z\"><\/path><\/svg>\t\t\t<\/span>\n\t\t\t\t\t\t\t\t\t<span class=\"elementor-button-text\">LinkedIn<\/span>\n\t\t\t\t\t<\/span>\n\t\t\t\t\t<\/a>\n\t\t\t\t<\/div>\n\t\t\t\t\t\t\t\t<\/div>\n\t\t\t\t<\/div>\n\t\t\t\t<\/div>\n\t\t\t\t<\/div>\n\t\t\t\t<\/div>\n\t\t<div class=\"elementor-element elementor-element-cb467ee e-con-full e-flex e-con e-child\" data-id=\"cb467ee\" data-element_type=\"container\" data-e-type=\"container\">\n\t\t\t\t<div class=\"elementor-element elementor-element-b9d3ffe elementor-widget elementor-widget-image\" data-id=\"b9d3ffe\" data-element_type=\"widget\" data-e-type=\"widget\" data-widget_type=\"image.default\">\n\t\t\t\t<div class=\"elementor-widget-container\">\n\t\t\t\t\t\t\t\t\t\t\t\t\t\t\t<img decoding=\"async\" width=\"790\" height=\"1050\" src=\"https:\/\/www.samskaparna.se\/wp-content\/uploads\/2024\/09\/jesper-790x1050-1-1.jpg\" class=\"attachment-full size-full wp-image-209\" alt=\"\" srcset=\"https:\/\/www.samskaparna.se\/wp-content\/uploads\/2024\/09\/jesper-790x1050-1-1.jpg 790w, https:\/\/www.samskaparna.se\/wp-content\/uploads\/2024\/09\/jesper-790x1050-1-1-226x300.jpg 226w, https:\/\/www.samskaparna.se\/wp-content\/uploads\/2024\/09\/jesper-790x1050-1-1-770x1024.jpg 770w, https:\/\/www.samskaparna.se\/wp-content\/uploads\/2024\/09\/jesper-790x1050-1-1-768x1021.jpg 768w\" sizes=\"(max-width: 790px) 100vw, 790px\" \/>\t\t\t\t\t\t\t\t\t\t\t\t\t\t\t<\/div>\n\t\t\t\t<\/div>\n\t\t<div class=\"elementor-element elementor-element-afc502a e-con-full e-flex e-con e-child\" data-id=\"afc502a\" data-element_type=\"container\" data-e-type=\"container\" data-settings=\"{&quot;background_background&quot;:&quot;classic&quot;}\">\n\t\t\t\t<div class=\"elementor-element elementor-element-5f0fbfb elementor-widget elementor-widget-heading\" data-id=\"5f0fbfb\" data-element_type=\"widget\" data-e-type=\"widget\" data-widget_type=\"heading.default\">\n\t\t\t\t<div class=\"elementor-widget-container\">\n\t\t\t\t\t<h3 class=\"elementor-heading-title elementor-size-default\">Jesper Liljestr\u00f6m<\/h3>\t\t\t\t<\/div>\n\t\t\t\t<\/div>\n\t\t\t\t<div class=\"elementor-element elementor-element-ecfee1b elementor-widget elementor-widget-heading\" data-id=\"ecfee1b\" data-element_type=\"widget\" data-e-type=\"widget\" data-widget_type=\"heading.default\">\n\t\t\t\t<div class=\"elementor-widget-container\">\n\t\t\t\t\t<h3 class=\"elementor-heading-title elementor-size-default\">Verksamhetsutveckling retail &amp; e-handel<\/h3>\t\t\t\t<\/div>\n\t\t\t\t<\/div>\n\t\t\t\t<div class=\"elementor-element elementor-element-f601683 elementor-widget elementor-widget-text-editor\" data-id=\"f601683\" data-element_type=\"widget\" data-e-type=\"widget\" data-widget_type=\"text-editor.default\">\n\t\t\t\t<div class=\"elementor-widget-container\">\n\t\t\t\t\t\t\t\t\t<p>Jesper har m\u00e5ng\u00e5rig erfarenhet fr\u00e5n att driva e-handelsbolag, driftoptimering och implementation av system.<\/p><p>\u00a0<\/p><p>\u00a0<\/p><p>\u00a0<\/p>\t\t\t\t\t\t\t\t<\/div>\n\t\t\t\t<\/div>\n\t\t<div class=\"elementor-element elementor-element-e82bccb e-grid e-con-full e-con e-child\" data-id=\"e82bccb\" data-element_type=\"container\" data-e-type=\"container\">\n\t\t\t\t<div class=\"elementor-element elementor-element-54e7c90 elementor-align-center elementor-widget__width-initial elementor-widget elementor-widget-button\" data-id=\"54e7c90\" data-element_type=\"widget\" data-e-type=\"widget\" data-widget_type=\"button.default\">\n\t\t\t\t<div class=\"elementor-widget-container\">\n\t\t\t\t\t\t\t\t\t<div class=\"elementor-button-wrapper\">\n\t\t\t\t\t<a class=\"elementor-button elementor-button-link elementor-size-sm\" href=\"mailto:jesper@samskaparna.se\">\n\t\t\t\t\t\t<span class=\"elementor-button-content-wrapper\">\n\t\t\t\t\t\t<span class=\"elementor-button-icon\">\n\t\t\t\t<svg aria-hidden=\"true\" class=\"e-font-icon-svg e-fas-paper-plane\" viewBox=\"0 0 512 512\" xmlns=\"http:\/\/www.w3.org\/2000\/svg\"><path d=\"M476 3.2L12.5 270.6c-18.1 10.4-15.8 35.6 2.2 43.2L121 358.4l287.3-253.2c5.5-4.9 13.3 2.6 8.6 8.3L176 407v80.5c0 23.6 28.5 32.9 42.5 15.8L282 426l124.6 52.2c14.2 6 30.4-2.9 33-18.2l72-432C515 7.8 493.3-6.8 476 3.2z\"><\/path><\/svg>\t\t\t<\/span>\n\t\t\t\t\t\t\t\t\t<span class=\"elementor-button-text\">E-post<\/span>\n\t\t\t\t\t<\/span>\n\t\t\t\t\t<\/a>\n\t\t\t\t<\/div>\n\t\t\t\t\t\t\t\t<\/div>\n\t\t\t\t<\/div>\n\t\t\t\t<div class=\"elementor-element elementor-element-0547559 elementor-align-center elementor-widget__width-initial elementor-widget elementor-widget-button\" data-id=\"0547559\" data-element_type=\"widget\" data-e-type=\"widget\" data-widget_type=\"button.default\">\n\t\t\t\t<div class=\"elementor-widget-container\">\n\t\t\t\t\t\t\t\t\t<div class=\"elementor-button-wrapper\">\n\t\t\t\t\t<a class=\"elementor-button elementor-button-link elementor-size-sm\" href=\"https:\/\/www.linkedin.com\/in\/jesper-liljestr%C3%B6m-4aa505105\/\">\n\t\t\t\t\t\t<span class=\"elementor-button-content-wrapper\">\n\t\t\t\t\t\t<span class=\"elementor-button-icon\">\n\t\t\t\t<svg aria-hidden=\"true\" class=\"e-font-icon-svg e-fab-linkedin\" viewBox=\"0 0 448 512\" xmlns=\"http:\/\/www.w3.org\/2000\/svg\"><path d=\"M416 32H31.9C14.3 32 0 46.5 0 64.3v383.4C0 465.5 14.3 480 31.9 480H416c17.6 0 32-14.5 32-32.3V64.3c0-17.8-14.4-32.3-32-32.3zM135.4 416H69V202.2h66.5V416zm-33.2-243c-21.3 0-38.5-17.3-38.5-38.5S80.9 96 102.2 96c21.2 0 38.5 17.3 38.5 38.5 0 21.3-17.2 38.5-38.5 38.5zm282.1 243h-66.4V312c0-24.8-.5-56.7-34.5-56.7-34.6 0-39.9 27-39.9 54.9V416h-66.4V202.2h63.7v29.2h.9c8.9-16.8 30.6-34.5 62.9-34.5 67.2 0 79.7 44.3 79.7 101.9V416z\"><\/path><\/svg>\t\t\t<\/span>\n\t\t\t\t\t\t\t\t\t<span class=\"elementor-button-text\">LinkedIn<\/span>\n\t\t\t\t\t<\/span>\n\t\t\t\t\t<\/a>\n\t\t\t\t<\/div>\n\t\t\t\t\t\t\t\t<\/div>\n\t\t\t\t<\/div>\n\t\t\t\t<\/div>\n\t\t\t\t<\/div>\n\t\t\t\t<\/div>\n\t\t\t\t\t<\/div>\n\t\t\t\t<\/div>\n\t\t\t\t<\/div>\n\t\t","protected":false},"excerpt":{"rendered":"<p>OM SAMSKAPARNA Konsulter med bred kompetens f\u00f6r att matcha era behov Horst-Henrik Liljestr\u00f6m VD Horst-Henrik Liljestr\u00f6m har en bakgrund inom [&hellip;]<\/p>\n","protected":false},"author":1,"featured_media":0,"parent":0,"menu_order":0,"comment_status":"closed","ping_status":"closed","template":"","meta":{"_monsterinsights_skip_tracking":false,"_monsterinsights_sitenote_active":false,"_monsterinsights_sitenote_note":"","_monsterinsights_sitenote_category":0,"site-sidebar-layout":"no-sidebar","site-content-layout":"","ast-site-content-layout":"full-width-container","site-content-style":"default","site-sidebar-style":"default","ast-global-header-display":"","ast-banner-title-visibility":"","ast-main-header-display":"","ast-hfb-above-header-display":"","ast-hfb-below-header-display":"","ast-hfb-mobile-header-display":"","site-post-title":"disabled","ast-breadcrumbs-content":"","ast-featured-img":"disabled","footer-sml-layout":"","theme-transparent-header-meta":"","adv-header-id-meta":"","stick-header-meta":"","header-above-stick-meta":"","header-main-stick-meta":"","header-below-stick-meta":"","astra-migrate-meta-layouts":"default","ast-page-background-enabled":"default","ast-page-background-meta":{"desktop":{"background-color":"var(--ast-global-color-4)","background-image":"","background-repeat":"repeat","background-position":"center center","background-size":"auto","background-attachment":"scroll","background-type":"","background-media":"","overlay-type":"","overlay-color":"","overlay-opacity":"","overlay-gradient":""},"tablet":{"background-color":"","background-image":"","background-repeat":"repeat","background-position":"center center","background-size":"auto","background-attachment":"scroll","background-type":"","background-media":"","overlay-type":"","overlay-color":"","overlay-opacity":"","overlay-gradient":""},"mobile":{"background-color":"","background-image":"","background-repeat":"repeat","background-position":"center center","background-size":"auto","background-attachment":"scroll","background-type":"","background-media":"","overlay-type":"","overlay-color":"","overlay-opacity":"","overlay-gradient":""}},"ast-content-background-meta":{"desktop":{"background-color":"var(--ast-global-color-5)","background-image":"","background-repeat":"repeat","background-position":"center center","background-size":"auto","background-attachment":"scroll","background-type":"","background-media":"","overlay-type":"","overlay-color":"","overlay-opacity":"","overlay-gradient":""},"tablet":{"background-color":"var(--ast-global-color-5)","background-image":"","background-repeat":"repeat","background-position":"center center","background-size":"auto","background-attachment":"scroll","background-type":"","background-media":"","overlay-type":"","overlay-color":"","overlay-opacity":"","overlay-gradient":""},"mobile":{"background-color":"var(--ast-global-color-5)","background-image":"","background-repeat":"repeat","background-position":"center center","background-size":"auto","background-attachment":"scroll","background-type":"","background-media":"","overlay-type":"","overlay-color":"","overlay-opacity":"","overlay-gradient":""}},"footnotes":""},"class_list":["post-181","page","type-page","status-publish","hentry"],"yoast_head":"<!-- This site is optimized with the Yoast SEO plugin v25.6 - https:\/\/yoast.com\/wordpress\/plugins\/seo\/ -->\n<title>Om oss - samskaparna<\/title>\n<meta name=\"robots\" content=\"index, follow, max-snippet:-1, max-image-preview:large, max-video-preview:-1\" \/>\n<link rel=\"canonical\" href=\"https:\/\/www.samskaparna.se\/?page_id=181\" \/>\n<meta property=\"og:locale\" content=\"sv_SE\" \/>\n<meta property=\"og:type\" content=\"article\" \/>\n<meta property=\"og:title\" content=\"Om oss - samskaparna\" \/>\n<meta property=\"og:description\" content=\"OM SAMSKAPARNA Konsulter med bred kompetens f\u00f6r att matcha era behov Horst-Henrik Liljestr\u00f6m VD Horst-Henrik Liljestr\u00f6m har en bakgrund inom [&hellip;]\" \/>\n<meta property=\"og:url\" content=\"https:\/\/www.samskaparna.se\/?page_id=181\" \/>\n<meta property=\"og:site_name\" content=\"samskaparna\" \/>\n<meta property=\"article:modified_time\" content=\"2024-09-26T12:33:03+00:00\" \/>\n<meta property=\"og:image\" content=\"https:\/\/www.samskaparna.se\/wp-content\/uploads\/2024\/09\/horst-790x1050-1.jpg\" \/>\n<meta name=\"twitter:card\" content=\"summary_large_image\" \/>\n<meta name=\"twitter:label1\" content=\"Ber\u00e4knad l\u00e4stid\" \/>\n\t<meta name=\"twitter:data1\" content=\"1 minut\" \/>\n<script type=\"application\/ld+json\" class=\"yoast-schema-graph\">{\"@context\":\"https:\/\/schema.org\",\"@graph\":[{\"@type\":\"WebPage\",\"@id\":\"https:\/\/www.samskaparna.se\/?page_id=181\",\"url\":\"https:\/\/www.samskaparna.se\/?page_id=181\",\"name\":\"Om oss - samskaparna\",\"isPartOf\":{\"@id\":\"https:\/\/www.samskaparna.se\/#website\"},\"primaryImageOfPage\":{\"@id\":\"https:\/\/www.samskaparna.se\/?page_id=181#primaryimage\"},\"image\":{\"@id\":\"https:\/\/www.samskaparna.se\/?page_id=181#primaryimage\"},\"thumbnailUrl\":\"https:\/\/www.samskaparna.se\/wp-content\/uploads\/2024\/09\/horst-790x1050-1.jpg\",\"datePublished\":\"2024-09-26T12:17:38+00:00\",\"dateModified\":\"2024-09-26T12:33:03+00:00\",\"breadcrumb\":{\"@id\":\"https:\/\/www.samskaparna.se\/?page_id=181#breadcrumb\"},\"inLanguage\":\"sv-SE\",\"potentialAction\":[{\"@type\":\"ReadAction\",\"target\":[\"https:\/\/www.samskaparna.se\/?page_id=181\"]}]},{\"@type\":\"ImageObject\",\"inLanguage\":\"sv-SE\",\"@id\":\"https:\/\/www.samskaparna.se\/?page_id=181#primaryimage\",\"url\":\"https:\/\/www.samskaparna.se\/wp-content\/uploads\/2024\/09\/horst-790x1050-1.jpg\",\"contentUrl\":\"https:\/\/www.samskaparna.se\/wp-content\/uploads\/2024\/09\/horst-790x1050-1.jpg\",\"width\":790,\"height\":1050},{\"@type\":\"BreadcrumbList\",\"@id\":\"https:\/\/www.samskaparna.se\/?page_id=181#breadcrumb\",\"itemListElement\":[{\"@type\":\"ListItem\",\"position\":1,\"name\":\"Home\",\"item\":\"https:\/\/www.samskaparna.se\/\"},{\"@type\":\"ListItem\",\"position\":2,\"name\":\"Om oss\"}]},{\"@type\":\"WebSite\",\"@id\":\"https:\/\/www.samskaparna.se\/#website\",\"url\":\"https:\/\/www.samskaparna.se\/\",\"name\":\"samskaparna\",\"description\":\"\",\"publisher\":{\"@id\":\"https:\/\/www.samskaparna.se\/#organization\"},\"potentialAction\":[{\"@type\":\"SearchAction\",\"target\":{\"@type\":\"EntryPoint\",\"urlTemplate\":\"https:\/\/www.samskaparna.se\/?s={search_term_string}\"},\"query-input\":{\"@type\":\"PropertyValueSpecification\",\"valueRequired\":true,\"valueName\":\"search_term_string\"}}],\"inLanguage\":\"sv-SE\"},{\"@type\":\"Organization\",\"@id\":\"https:\/\/www.samskaparna.se\/#organization\",\"name\":\"samskaparna\",\"url\":\"https:\/\/www.samskaparna.se\/\",\"logo\":{\"@type\":\"ImageObject\",\"inLanguage\":\"sv-SE\",\"@id\":\"https:\/\/www.samskaparna.se\/#\/schema\/logo\/image\/\",\"url\":\"https:\/\/www.samskaparna.se\/wp-content\/uploads\/2024\/09\/cropped-samskaparna-logo-transperent.png\",\"contentUrl\":\"https:\/\/www.samskaparna.se\/wp-content\/uploads\/2024\/09\/cropped-samskaparna-logo-transperent.png\",\"width\":1084,\"height\":157,\"caption\":\"samskaparna\"},\"image\":{\"@id\":\"https:\/\/www.samskaparna.se\/#\/schema\/logo\/image\/\"}}]}<\/script>\n<!-- \/ Yoast SEO plugin. -->","yoast_head_json":{"title":"Om oss - samskaparna","robots":{"index":"index","follow":"follow","max-snippet":"max-snippet:-1","max-image-preview":"max-image-preview:large","max-video-preview":"max-video-preview:-1"},"canonical":"https:\/\/www.samskaparna.se\/?page_id=181","og_locale":"sv_SE","og_type":"article","og_title":"Om oss - samskaparna","og_description":"OM SAMSKAPARNA Konsulter med bred kompetens f\u00f6r att matcha era behov Horst-Henrik Liljestr\u00f6m VD Horst-Henrik Liljestr\u00f6m har en bakgrund inom [&hellip;]","og_url":"https:\/\/www.samskaparna.se\/?page_id=181","og_site_name":"samskaparna","article_modified_time":"2024-09-26T12:33:03+00:00","og_image":[{"url":"https:\/\/www.samskaparna.se\/wp-content\/uploads\/2024\/09\/horst-790x1050-1.jpg","type":"","width":"","height":""}],"twitter_card":"summary_large_image","twitter_misc":{"Ber\u00e4knad l\u00e4stid":"1 minut"},"schema":{"@context":"https:\/\/schema.org","@graph":[{"@type":"WebPage","@id":"https:\/\/www.samskaparna.se\/?page_id=181","url":"https:\/\/www.samskaparna.se\/?page_id=181","name":"Om oss - samskaparna","isPartOf":{"@id":"https:\/\/www.samskaparna.se\/#website"},"primaryImageOfPage":{"@id":"https:\/\/www.samskaparna.se\/?page_id=181#primaryimage"},"image":{"@id":"https:\/\/www.samskaparna.se\/?page_id=181#primaryimage"},"thumbnailUrl":"https:\/\/www.samskaparna.se\/wp-content\/uploads\/2024\/09\/horst-790x1050-1.jpg","datePublished":"2024-09-26T12:17:38+00:00","dateModified":"2024-09-26T12:33:03+00:00","breadcrumb":{"@id":"https:\/\/www.samskaparna.se\/?page_id=181#breadcrumb"},"inLanguage":"sv-SE","potentialAction":[{"@type":"ReadAction","target":["https:\/\/www.samskaparna.se\/?page_id=181"]}]},{"@type":"ImageObject","inLanguage":"sv-SE","@id":"https:\/\/www.samskaparna.se\/?page_id=181#primaryimage","url":"https:\/\/www.samskaparna.se\/wp-content\/uploads\/2024\/09\/horst-790x1050-1.jpg","contentUrl":"https:\/\/www.samskaparna.se\/wp-content\/uploads\/2024\/09\/horst-790x1050-1.jpg","width":790,"height":1050},{"@type":"BreadcrumbList","@id":"https:\/\/www.samskaparna.se\/?page_id=181#breadcrumb","itemListElement":[{"@type":"ListItem","position":1,"name":"Home","item":"https:\/\/www.samskaparna.se\/"},{"@type":"ListItem","position":2,"name":"Om oss"}]},{"@type":"WebSite","@id":"https:\/\/www.samskaparna.se\/#website","url":"https:\/\/www.samskaparna.se\/","name":"samskaparna","description":"","publisher":{"@id":"https:\/\/www.samskaparna.se\/#organization"},"potentialAction":[{"@type":"SearchAction","target":{"@type":"EntryPoint","urlTemplate":"https:\/\/www.samskaparna.se\/?s={search_term_string}"},"query-input":{"@type":"PropertyValueSpecification","valueRequired":true,"valueName":"search_term_string"}}],"inLanguage":"sv-SE"},{"@type":"Organization","@id":"https:\/\/www.samskaparna.se\/#organization","name":"samskaparna","url":"https:\/\/www.samskaparna.se\/","logo":{"@type":"ImageObject","inLanguage":"sv-SE","@id":"https:\/\/www.samskaparna.se\/#\/schema\/logo\/image\/","url":"https:\/\/www.samskaparna.se\/wp-content\/uploads\/2024\/09\/cropped-samskaparna-logo-transperent.png","contentUrl":"https:\/\/www.samskaparna.se\/wp-content\/uploads\/2024\/09\/cropped-samskaparna-logo-transperent.png","width":1084,"height":157,"caption":"samskaparna"},"image":{"@id":"https:\/\/www.samskaparna.se\/#\/schema\/logo\/image\/"}}]}},"_links":{"self":[{"href":"https:\/\/www.samskaparna.se\/index.php?rest_route=\/wp\/v2\/pages\/181"}],"collection":[{"href":"https:\/\/www.samskaparna.se\/index.php?rest_route=\/wp\/v2\/pages"}],"about":[{"href":"https:\/\/www.samskaparna.se\/index.php?rest_route=\/wp\/v2\/types\/page"}],"author":[{"embeddable":true,"href":"https:\/\/www.samskaparna.se\/index.php?rest_route=\/wp\/v2\/users\/1"}],"replies":[{"embeddable":true,"href":"https:\/\/www.samskaparna.se\/index.php?rest_route=%2Fwp%2Fv2%2Fcomments&post=181"}],"version-history":[{"count":6,"href":"https:\/\/www.samskaparna.se\/index.php?rest_route=\/wp\/v2\/pages\/181\/revisions"}],"predecessor-version":[{"id":243,"href":"https:\/\/www.samskaparna.se\/index.php?rest_route=\/wp\/v2\/pages\/181\/revisions\/243"}],"wp:attachment":[{"href":"https:\/\/www.samskaparna.se\/index.php?rest_route=%2Fwp%2Fv2%2Fmedia&parent=181"}],"curies":[{"name":"wp","href":"https:\/\/api.w.org\/{rel}","templated":true}]}}